{"id":381,"date":"2026-02-23T17:56:52","date_gmt":"2026-02-23T17:56:52","guid":{"rendered":"https:\/\/www.gameperformer.si\/?page_id=381"},"modified":"2026-03-16T13:30:54","modified_gmt":"2026-03-16T13:30:54","slug":"o-meni","status":"publish","type":"page","link":"https:\/\/www.gameperformer.si\/index.php\/o-meni\/","title":{"rendered":"O MENI"},"content":{"rendered":"\t\t<div data-elementor-type=\"wp-page\" data-elementor-id=\"381\" class=\"elementor elementor-381\">\n\t\t\t\t<div class=\"elementor-element elementor-element-6a840d1 e-con-full e-flex e-con e-parent\" data-id=\"6a840d1\" data-element_type=\"container\" data-e-type=\"container\" data-settings=\"{&quot;background_background&quot;:&quot;classic&quot;}\">\n\t\t\t\t<div class=\"elementor-element elementor-element-92c50dc elementor-widget elementor-widget-heading\" data-id=\"92c50dc\" data-element_type=\"widget\" data-e-type=\"widget\" data-widget_type=\"heading.default\">\n\t\t\t\t\t<h1 class=\"elementor-heading-title elementor-size-default\">O MENI<\/h1>\t\t\t\t<\/div>\n\t\t\t\t<\/div>\n\t\t<div class=\"elementor-element elementor-element-99321c4 e-flex e-con-boxed e-con e-parent\" data-id=\"99321c4\" data-element_type=\"container\" data-e-type=\"container\" data-settings=\"{&quot;background_background&quot;:&quot;classic&quot;}\">\n\t\t\t\t\t<div class=\"e-con-inner\">\n\t\t<div class=\"elementor-element elementor-element-62e0b2b e-con-full e-flex e-con e-child\" data-id=\"62e0b2b\" data-element_type=\"container\" data-e-type=\"container\">\n\t\t\t\t<div class=\"elementor-element elementor-element-e1d9364 elementor-widget elementor-widget-text-editor\" data-id=\"e1d9364\" data-element_type=\"widget\" data-e-type=\"widget\" data-widget_type=\"text-editor.default\">\n\t\t\t\t\t\t\t\t\t<p><strong>Gameperformer<\/strong><span>\u00a0je usmerjen v specializirano strokovno svetovanje \u0161portnikom, trenerjem in \u0161portnim organizacijam. Z ve\u010d kot tridesetletnimi trenerskimi izku\u0161njami v \u0161portnem svetu, sem imel mo\u017enost biti vklju\u010den v razvoj mnogih mladih ter kasneje profesionalnih \u0161portnikov in trenerjev.<\/span><\/p><p><span>U<\/span><span>stanovljen je bil z namenom usmeritve v specializirano strokovno svetovanje \u0161portnikom, trenerjem in \u0161portnim organizacijam<\/span><\/p><p><span>Po kon\u010dani igralski karieri sem diplomiral na Fakulteti za \u0161port \u2013 smer \u0161portno treniranje, pridobil mentorski naziv na Ministrstvu za \u0161port ter se nato dodatno izobra\u017eeval na finskem in\u0161titutu za \u0161port v Vierumakiju. Na finskem sem pod okriljem mednarodne hokejske zveze (IIHF) ob trenerskem delu ve\u010d let \u0161tudiral v smeri Coach Developer Programa ter se dodatno izobra\u017eeval v programih Long Term Athlete Development, Leadership Development in Team Coach Development. Obenem sem sodeloval tudi na \u0161tevilnih trenerskih simpozijih na svetovnih prvenstvih elitne skupine.<\/span><\/p><p><span>Kot igralec in trener sem hitro spoznal klju\u010dno vlogo mentalne priprave in se v tej smeri izobrazil v programih\u00a0<\/span><b>Hockey Player Developmnet<\/b><span>, Sport Coaching and Psychology, Coaching Others to Coach in Communication and working relationships in sport.<\/span><\/p><p><span>V okviru Hokejske zveze Slovenije \u017ee 20 delujem kot pomo\u010dnik, glavni trener in vodja reprezentanc \u00a0na najvi\u0161jih nivojih mednarodnega hokeja.\u00a0 <a href=\"https:\/\/www.eliteprospects.com\/staff\/4027\/gorazd-rekelj\">Moj ELITE PROSPECTS profil<\/a><\/span><\/p><p><span>Bil sem tudi vodja programa mladih reprezentanc in \u010dlan Strokovnega sveta Hokejske zveze Slovenije. \u00a0<\/span><\/p><p><span>Ve\u010d kot 15 let sem strokovni sodelavec in eden izmed nosilcev izobra\u017eevanja trenerjev pri Hokejski zvezi Slovenije. V trenerski karieri sem vodil ekipe vseh starostnih kategorij razli\u010dnih klubov. Bil sem tudi glavni trener \u010dlanske ekipe Jesenic in Slavije, trenutno pa kot trener delam s \u010dlansko ekipo v Kranju.<\/span><\/p><p><span>Poleg \u017ee navedenega sem bil 9 let vodja programa in trener v Hokejski akademiji An\u017eeta Kopitarja in Toma\u017ea Razingarja, kjer sem pomagal oblikovati in razvijati mlade \u0161portne in trenerske mednarodne talente.<\/span><\/p><p><span>S svojim znanjem in izku\u0161njami nudim celostno svetovanje, ki sega od strokovnih nasvetov glede mentalne priprave, treninga, strategij razvoja \u0161portnih organizacij ter podpore mladim in profesionalnim \u0161portnikom ter trenerjem. Sodelovanje z menoj omogo\u010da dostop do \u0161irokega spektra znanja, izku\u0161enj in mre\u017ee strokovnjakov v \u0161portu, kar omogo\u010da posameznikom najbolj\u0161e mo\u017enosti za uspeh in napredovanje. <\/span><\/p><p><span>Prepri\u010dan sem, da lahko s svojim znanjem in strastjo pomagam, \u0161portnikom, trenerjem ali \u0161portnim organizacijam pri razvoju njihovega potenciala in doseganju njihovih ciljev.<\/span><\/p>\t\t\t\t\t\t\t\t<\/div>\n\t\t\t\t<\/div>\n\t\t\t\t\t<\/div>\n\t\t\t\t<\/div>\n\t\t<div class=\"elementor-element elementor-element-0cf9473 e-grid e-con-boxed e-con e-parent\" data-id=\"0cf9473\" data-element_type=\"container\" data-e-type=\"container\" data-settings=\"{&quot;background_background&quot;:&quot;classic&quot;}\">\n\t\t\t\t\t<div class=\"e-con-inner\">\n\t\t<div class=\"elementor-element elementor-element-54a5028 e-con-full e-flex e-con e-child\" data-id=\"54a5028\" data-element_type=\"container\" data-e-type=\"container\">\n\t\t\t\t<div class=\"elementor-element elementor-element-556eafa elementor-widget elementor-widget-heading\" data-id=\"556eafa\" data-element_type=\"widget\" data-e-type=\"widget\" data-widget_type=\"heading.default\">\n\t\t\t\t\t<h2 class=\"elementor-heading-title elementor-size-default\">Stopite v stik z nami<\/h2>\t\t\t\t<\/div>\n\t\t\t\t<div class=\"elementor-element elementor-element-0d3a3f6 elementor-widget elementor-widget-text-editor\" data-id=\"0d3a3f6\" data-element_type=\"widget\" data-e-type=\"widget\" data-widget_type=\"text-editor.default\">\n\t\t\t\t\t\t\t\t\t<div class=\"hestia-info info info-horizontal\">\n<div class=\"icon icon-primary\"><\/div>\n<div class=\"description\">\n<h4 class=\"info-title\"><span style=\"color: #ffffff;\">Kje se nahajamo<\/span><\/h4>\n<p><span style=\"color: #ffffff;\">\u0160portni park Radovljica, Ulica Staneta \u017dagarja 2b,\u00a0<\/span><\/p>\n<p><span style=\"color: #ffffff;\">4240, Radovljica<\/span><\/p>\n<\/div>\n<\/div>\n<div class=\"hestia-info info info-horizontal\">\n<div class=\"description\">\n<h4 class=\"info-title\"><span style=\"color: #ffffff;\">Zanimanje lahko sporo\u010dite tudi na<\/span><\/h4>\n<p><span style=\"color: #ffffff;\">Gorazd Rekelj<\/span><\/p>\n<p><span style=\"color: #ffffff;\">info@gameperformer.si<\/span><\/p>\n<p><span style=\"color: #ffffff;\">Dosegljiv od ponedeljka do petka<\/span><\/p>\n<p><span style=\"color: #ffffff;\">med 8:00-22:00 uro<\/span><\/p>\n<\/div>\n<\/div>\t\t\t\t\t\t\t\t<\/div>\n\t\t\t\t<\/div>\n\t\t<div class=\"elementor-element elementor-element-45e9ca1 e-con-full e-flex e-con e-child\" data-id=\"45e9ca1\" data-element_type=\"container\" data-e-type=\"container\">\n\t\t\t\t<div class=\"elementor-element elementor-element-1642fab elementor-widget elementor-widget-wpforms\" data-id=\"1642fab\" data-element_type=\"widget\" data-e-type=\"widget\" data-widget_type=\"wpforms.default\">\n\t\t\t\t<div class=\"elementor-widget-container\">\n\t\t\t\t\t<style id=\"wpforms-css-vars-elementor-widget-1642fab\">\n\t\t\t\t.elementor-widget-wpforms.elementor-element-1642fab {\n\t\t\t\t--wpforms-field-text-color: #FFFFFF;\n--wpforms-label-sublabel-color: #FF1515;\n--wpforms-field-size-input-height: 50px;\n--wpforms-field-size-input-spacing: 20px;\n--wpforms-field-size-font-size: 18px;\n--wpforms-field-size-line-height: 21px;\n--wpforms-field-size-padding-h: 14px;\n--wpforms-field-size-checkbox-size: 18px;\n--wpforms-field-size-sublabel-spacing: 10px;\n--wpforms-field-size-icon-size: 1.25;\n\t\t\t}\n\t\t\t<\/style><div class=\"wpforms-container wpforms-container-full wpforms-render-modern\" id=\"wpforms-246\"><form id=\"wpforms-form-246\" class=\"wpforms-validate wpforms-form\" data-formid=\"246\" method=\"post\" enctype=\"multipart\/form-data\" action=\"\/index.php\/wp-json\/wp\/v2\/pages\/381\" data-token=\"20bc7bd7b0c6b59e9b287f8b61d84bc5\" data-token-time=\"1776981639\"><noscript class=\"wpforms-error-noscript\">Please enable JavaScript in your browser to complete this form.<\/noscript><div id=\"wpforms-error-noscript\" style=\"display: none;\">Please enable JavaScript in your browser to complete this form.<\/div><div class=\"wpforms-field-container\">\t\t<div id=\"wpforms-246-field_1-container\"\n\t\t\tclass=\"wpforms-field wpforms-field-text\"\n\t\t\tdata-field-type=\"text\"\n\t\t\tdata-field-id=\"1\"\n\t\t\t>\n\t\t\t<label class=\"wpforms-field-label\" for=\"wpforms-246-field_1\" >in Priimek sporo\u010dilo<\/label>\n\t\t\t<input type=\"text\" id=\"wpforms-246-field_1\" class=\"wpforms-field-medium\" name=\"wpforms[fields][1]\" >\n\t\t<\/div>\n\t\t<div id=\"wpforms-246-field_8-container\" class=\"wpforms-field wpforms-field-name\" data-field-id=\"8\"><label class=\"wpforms-field-label\" for=\"wpforms-246-field_8\">Va\u0161e Ime in Priimek <span class=\"wpforms-required-label\" aria-hidden=\"true\">*<\/span><\/label><input type=\"text\" id=\"wpforms-246-field_8\" class=\"wpforms-field-medium wpforms-field-required\" name=\"wpforms[fields][8]\" aria-errormessage=\"wpforms-246-field_8-error\" required><\/div><div id=\"wpforms-246-field_7-container\" class=\"wpforms-field wpforms-field-email\" data-field-id=\"7\"><label class=\"wpforms-field-label\" for=\"wpforms-246-field_7\">Va\u0161 elektronski naslov <span class=\"wpforms-required-label\" aria-hidden=\"true\">*<\/span><\/label><input type=\"email\" id=\"wpforms-246-field_7\" class=\"wpforms-field-medium wpforms-field-required\" name=\"wpforms[fields][7]\" spellcheck=\"false\" aria-errormessage=\"wpforms-246-field_7-error\" required><\/div><div id=\"wpforms-246-field_10-container\" class=\"wpforms-field wpforms-field-text\" data-field-id=\"10\"><label class=\"wpforms-field-label\" for=\"wpforms-246-field_10\">Va\u0161e sporo\u010dilo ali komentar<\/label><input type=\"text\" id=\"wpforms-246-field_10\" class=\"wpforms-field-large\" name=\"wpforms[fields][10]\" aria-errormessage=\"wpforms-246-field_10-error\" ><\/div><script>\n\t\t\t\t( function() {\n\t\t\t\t\tconst style = document.createElement( 'style' );\n\t\t\t\t\tstyle.appendChild( document.createTextNode( '#wpforms-246-field_1-container { position: absolute !important; overflow: hidden !important; display: inline !important; height: 1px !important; width: 1px !important; z-index: -1000 !important; padding: 0 !important; } #wpforms-246-field_1-container input { visibility: hidden; } #wpforms-conversational-form-page #wpforms-246-field_1-container label { counter-increment: none; }' ) );\n\t\t\t\t\tdocument.head.appendChild( style );\n\t\t\t\t\tdocument.currentScript?.remove();\n\t\t\t\t} )();\n\t\t\t<\/script><\/div><!-- .wpforms-field-container --><div class=\"wpforms-submit-container\" ><input type=\"hidden\" name=\"wpforms[id]\" value=\"246\"><input type=\"hidden\" name=\"page_title\" value=\"\"><input type=\"hidden\" name=\"page_url\" value=\"https:\/\/www.gameperformer.si\/index.php\/wp-json\/wp\/v2\/pages\/381\"><input type=\"hidden\" name=\"url_referer\" value=\"\"><button type=\"submit\" name=\"wpforms[submit]\" id=\"wpforms-submit-246\" class=\"wpforms-submit\" data-alt-text=\"Po\u0161iljanje...\" data-submit-text=\"PO\u0160LJI\" aria-live=\"assertive\" value=\"wpforms-submit\">PO\u0160LJI<\/button><\/div><\/form><\/div>  <!-- .wpforms-container -->\t\t\t\t<\/div>\n\t\t\t\t<\/div>\n\t\t\t\t<\/div>\n\t\t\t\t\t<\/div>\n\t\t\t\t<\/div>\n\t\t\t\t<\/div>\n\t\t","protected":false},"excerpt":{"rendered":"<p>O MENI Gameperformer\u00a0je usmerjen v specializirano strokovno svetovanje \u0161portnikom, trenerjem in \u0161portnim organizacijam. Z ve\u010d kot tridesetletnimi trenerskimi izku\u0161njami v \u0161portnem svetu, sem imel mo\u017enost biti vklju\u010den v razvoj mnogih mladih ter kasneje profesionalnih \u0161portnikov in trenerjev. Ustanovljen je bil z namenom usmeritve v specializirano strokovno svetovanje \u0161portnikom, trenerjem in [&hellip;]<\/p>\n","protected":false},"author":1,"featured_media":0,"parent":0,"menu_order":0,"comment_status":"closed","ping_status":"closed","template":"page-templates\/template-pagebuilder-full-width.php","meta":{"footnotes":""},"class_list":["post-381","page","type-page","status-publish","hentry"],"yoast_head":"<!-- This site is optimized with the Yoast SEO plugin v27.4 - https:\/\/yoast.com\/product\/yoast-seo-wordpress\/ -->\n<title>O MENI -<\/title>\n<meta name=\"description\" content=\"GamePerformer zdru\u017euje fizi\u010dni trening in mentalno pripravo za celostni napredek. Okrepi telo, izostri fokus in dosezi rezultate, ki trajajo.\" \/>\n<meta name=\"robots\" content=\"index, follow, max-snippet:-1, max-image-preview:large, max-video-preview:-1\" \/>\n<link rel=\"canonical\" href=\"https:\/\/www.gameperformer.si\/index.php\/o-meni\/\" \/>\n<meta property=\"og:locale\" content=\"sl_SI\" \/>\n<meta property=\"og:type\" content=\"article\" \/>\n<meta property=\"og:title\" content=\"O MENI -\" \/>\n<meta property=\"og:description\" content=\"GamePerformer zdru\u017euje fizi\u010dni trening in mentalno pripravo za celostni napredek. Okrepi telo, izostri fokus in dosezi rezultate, ki trajajo.\" \/>\n<meta property=\"og:url\" content=\"https:\/\/www.gameperformer.si\/index.php\/o-meni\/\" \/>\n<meta property=\"article:publisher\" content=\"https:\/\/www.facebook.com\/profile.php?id=61588003707360\" \/>\n<meta property=\"article:modified_time\" content=\"2026-03-16T13:30:54+00:00\" \/>\n<meta property=\"og:image\" content=\"https:\/\/www.gameperformer.si\/wp-content\/uploads\/2026\/02\/cropped-cropped-cropped-cropped-cropped-cropped-cropped-86695F94-06A4-4B45-B3CA-91E35043A458.png\" \/>\n\t<meta property=\"og:image:width\" content=\"510\" \/>\n\t<meta property=\"og:image:height\" content=\"340\" \/>\n\t<meta property=\"og:image:type\" content=\"image\/png\" \/>\n<meta name=\"twitter:card\" content=\"summary_large_image\" \/>\n<meta name=\"twitter:label1\" content=\"Est. reading time\" \/>\n\t<meta name=\"twitter:data1\" content=\"2 minuti\" \/>\n<script type=\"application\/ld+json\" class=\"yoast-schema-graph\">{\"@context\":\"https:\\\/\\\/schema.org\",\"@graph\":[{\"@type\":\"WebPage\",\"@id\":\"https:\\\/\\\/www.gameperformer.si\\\/index.php\\\/o-meni\\\/\",\"url\":\"https:\\\/\\\/www.gameperformer.si\\\/index.php\\\/o-meni\\\/\",\"name\":\"O MENI -\",\"isPartOf\":{\"@id\":\"https:\\\/\\\/www.gameperformer.si\\\/#website\"},\"datePublished\":\"2026-02-23T17:56:52+00:00\",\"dateModified\":\"2026-03-16T13:30:54+00:00\",\"description\":\"GamePerformer zdru\u017euje fizi\u010dni trening in mentalno pripravo za celostni napredek. Okrepi telo, izostri fokus in dosezi rezultate, ki trajajo.\",\"breadcrumb\":{\"@id\":\"https:\\\/\\\/www.gameperformer.si\\\/index.php\\\/o-meni\\\/#breadcrumb\"},\"inLanguage\":\"sl-SI\",\"potentialAction\":[{\"@type\":\"ReadAction\",\"target\":[\"https:\\\/\\\/www.gameperformer.si\\\/index.php\\\/o-meni\\\/\"]}]},{\"@type\":\"BreadcrumbList\",\"@id\":\"https:\\\/\\\/www.gameperformer.si\\\/index.php\\\/o-meni\\\/#breadcrumb\",\"itemListElement\":[{\"@type\":\"ListItem\",\"position\":1,\"name\":\"Home\",\"item\":\"https:\\\/\\\/www.gameperformer.si\\\/\"},{\"@type\":\"ListItem\",\"position\":2,\"name\":\"O MENI\"}]},{\"@type\":\"WebSite\",\"@id\":\"https:\\\/\\\/www.gameperformer.si\\\/#website\",\"url\":\"https:\\\/\\\/www.gameperformer.si\\\/\",\"name\":\"Gameperfomer\",\"description\":\"\",\"publisher\":{\"@id\":\"https:\\\/\\\/www.gameperformer.si\\\/#\\\/schema\\\/person\\\/dd4e4f209ad1cc0f7326c66d1013909b\"},\"alternateName\":\"Gp\",\"potentialAction\":[{\"@type\":\"SearchAction\",\"target\":{\"@type\":\"EntryPoint\",\"urlTemplate\":\"https:\\\/\\\/www.gameperformer.si\\\/?s={search_term_string}\"},\"query-input\":{\"@type\":\"PropertyValueSpecification\",\"valueRequired\":true,\"valueName\":\"search_term_string\"}}],\"inLanguage\":\"sl-SI\"},{\"@type\":[\"Person\",\"Organization\"],\"@id\":\"https:\\\/\\\/www.gameperformer.si\\\/#\\\/schema\\\/person\\\/dd4e4f209ad1cc0f7326c66d1013909b\",\"name\":\"admin\",\"image\":{\"@type\":\"ImageObject\",\"inLanguage\":\"sl-SI\",\"@id\":\"https:\\\/\\\/www.gameperformer.si\\\/wp-content\\\/uploads\\\/2026\\\/02\\\/cropped-cropped-cropped-cropped-cropped-cropped-cropped-cropped-cropped-cropped-86695F94-06A4-4B45-B3CA-91E35043A458-2.png\",\"url\":\"https:\\\/\\\/www.gameperformer.si\\\/wp-content\\\/uploads\\\/2026\\\/02\\\/cropped-cropped-cropped-cropped-cropped-cropped-cropped-cropped-cropped-cropped-86695F94-06A4-4B45-B3CA-91E35043A458-2.png\",\"contentUrl\":\"https:\\\/\\\/www.gameperformer.si\\\/wp-content\\\/uploads\\\/2026\\\/02\\\/cropped-cropped-cropped-cropped-cropped-cropped-cropped-cropped-cropped-cropped-86695F94-06A4-4B45-B3CA-91E35043A458-2.png\",\"width\":510,\"height\":340,\"caption\":\"admin\"},\"logo\":{\"@id\":\"https:\\\/\\\/www.gameperformer.si\\\/wp-content\\\/uploads\\\/2026\\\/02\\\/cropped-cropped-cropped-cropped-cropped-cropped-cropped-cropped-cropped-cropped-86695F94-06A4-4B45-B3CA-91E35043A458-2.png\"},\"sameAs\":[\"https:\\\/\\\/www.gameperformer.si\",\"https:\\\/\\\/www.facebook.com\\\/profile.php?id=61588003707360\"]}]}<\/script>\n<!-- \/ Yoast SEO plugin. -->","yoast_head_json":{"title":"O MENI -","description":"GamePerformer zdru\u017euje fizi\u010dni trening in mentalno pripravo za celostni napredek. Okrepi telo, izostri fokus in dosezi rezultate, ki trajajo.","robots":{"index":"index","follow":"follow","max-snippet":"max-snippet:-1","max-image-preview":"max-image-preview:large","max-video-preview":"max-video-preview:-1"},"canonical":"https:\/\/www.gameperformer.si\/index.php\/o-meni\/","og_locale":"sl_SI","og_type":"article","og_title":"O MENI -","og_description":"GamePerformer zdru\u017euje fizi\u010dni trening in mentalno pripravo za celostni napredek. Okrepi telo, izostri fokus in dosezi rezultate, ki trajajo.","og_url":"https:\/\/www.gameperformer.si\/index.php\/o-meni\/","article_publisher":"https:\/\/www.facebook.com\/profile.php?id=61588003707360","article_modified_time":"2026-03-16T13:30:54+00:00","og_image":[{"width":510,"height":340,"url":"https:\/\/www.gameperformer.si\/wp-content\/uploads\/2026\/02\/cropped-cropped-cropped-cropped-cropped-cropped-cropped-86695F94-06A4-4B45-B3CA-91E35043A458.png","type":"image\/png"}],"twitter_card":"summary_large_image","twitter_misc":{"Est. reading time":"2 minuti"},"schema":{"@context":"https:\/\/schema.org","@graph":[{"@type":"WebPage","@id":"https:\/\/www.gameperformer.si\/index.php\/o-meni\/","url":"https:\/\/www.gameperformer.si\/index.php\/o-meni\/","name":"O MENI -","isPartOf":{"@id":"https:\/\/www.gameperformer.si\/#website"},"datePublished":"2026-02-23T17:56:52+00:00","dateModified":"2026-03-16T13:30:54+00:00","description":"GamePerformer zdru\u017euje fizi\u010dni trening in mentalno pripravo za celostni napredek. Okrepi telo, izostri fokus in dosezi rezultate, ki trajajo.","breadcrumb":{"@id":"https:\/\/www.gameperformer.si\/index.php\/o-meni\/#breadcrumb"},"inLanguage":"sl-SI","potentialAction":[{"@type":"ReadAction","target":["https:\/\/www.gameperformer.si\/index.php\/o-meni\/"]}]},{"@type":"BreadcrumbList","@id":"https:\/\/www.gameperformer.si\/index.php\/o-meni\/#breadcrumb","itemListElement":[{"@type":"ListItem","position":1,"name":"Home","item":"https:\/\/www.gameperformer.si\/"},{"@type":"ListItem","position":2,"name":"O MENI"}]},{"@type":"WebSite","@id":"https:\/\/www.gameperformer.si\/#website","url":"https:\/\/www.gameperformer.si\/","name":"Gameperfomer","description":"","publisher":{"@id":"https:\/\/www.gameperformer.si\/#\/schema\/person\/dd4e4f209ad1cc0f7326c66d1013909b"},"alternateName":"Gp","potentialAction":[{"@type":"SearchAction","target":{"@type":"EntryPoint","urlTemplate":"https:\/\/www.gameperformer.si\/?s={search_term_string}"},"query-input":{"@type":"PropertyValueSpecification","valueRequired":true,"valueName":"search_term_string"}}],"inLanguage":"sl-SI"},{"@type":["Person","Organization"],"@id":"https:\/\/www.gameperformer.si\/#\/schema\/person\/dd4e4f209ad1cc0f7326c66d1013909b","name":"admin","image":{"@type":"ImageObject","inLanguage":"sl-SI","@id":"https:\/\/www.gameperformer.si\/wp-content\/uploads\/2026\/02\/cropped-cropped-cropped-cropped-cropped-cropped-cropped-cropped-cropped-cropped-86695F94-06A4-4B45-B3CA-91E35043A458-2.png","url":"https:\/\/www.gameperformer.si\/wp-content\/uploads\/2026\/02\/cropped-cropped-cropped-cropped-cropped-cropped-cropped-cropped-cropped-cropped-86695F94-06A4-4B45-B3CA-91E35043A458-2.png","contentUrl":"https:\/\/www.gameperformer.si\/wp-content\/uploads\/2026\/02\/cropped-cropped-cropped-cropped-cropped-cropped-cropped-cropped-cropped-cropped-86695F94-06A4-4B45-B3CA-91E35043A458-2.png","width":510,"height":340,"caption":"admin"},"logo":{"@id":"https:\/\/www.gameperformer.si\/wp-content\/uploads\/2026\/02\/cropped-cropped-cropped-cropped-cropped-cropped-cropped-cropped-cropped-cropped-86695F94-06A4-4B45-B3CA-91E35043A458-2.png"},"sameAs":["https:\/\/www.gameperformer.si","https:\/\/www.facebook.com\/profile.php?id=61588003707360"]}]}},"_links":{"self":[{"href":"https:\/\/www.gameperformer.si\/index.php\/wp-json\/wp\/v2\/pages\/381","targetHints":{"allow":["GET"]}}],"collection":[{"href":"https:\/\/www.gameperformer.si\/index.php\/wp-json\/wp\/v2\/pages"}],"about":[{"href":"https:\/\/www.gameperformer.si\/index.php\/wp-json\/wp\/v2\/types\/page"}],"author":[{"embeddable":true,"href":"https:\/\/www.gameperformer.si\/index.php\/wp-json\/wp\/v2\/users\/1"}],"replies":[{"embeddable":true,"href":"https:\/\/www.gameperformer.si\/index.php\/wp-json\/wp\/v2\/comments?post=381"}],"version-history":[{"count":64,"href":"https:\/\/www.gameperformer.si\/index.php\/wp-json\/wp\/v2\/pages\/381\/revisions"}],"predecessor-version":[{"id":742,"href":"https:\/\/www.gameperformer.si\/index.php\/wp-json\/wp\/v2\/pages\/381\/revisions\/742"}],"wp:attachment":[{"href":"https:\/\/www.gameperformer.si\/index.php\/wp-json\/wp\/v2\/media?parent=381"}],"curies":[{"name":"wp","href":"https:\/\/api.w.org\/{rel}","templated":true}]}}