{"id":630,"date":"2026-02-27T20:41:03","date_gmt":"2026-02-27T20:41:03","guid":{"rendered":"https:\/\/www.gameperformer.si\/?page_id=630"},"modified":"2026-03-16T11:15:14","modified_gmt":"2026-03-16T11:15:14","slug":"pogosta-vprasanja","status":"publish","type":"page","link":"https:\/\/www.gameperformer.si\/index.php\/pogosta-vprasanja\/","title":{"rendered":"POGOSTA VPRA\u0160ANJA"},"content":{"rendered":"\t\t<div data-elementor-type=\"wp-page\" data-elementor-id=\"630\" class=\"elementor elementor-630\">\n\t\t\t\t<div class=\"elementor-element elementor-element-00b0237 e-con-full e-flex e-con e-parent\" data-id=\"00b0237\" data-element_type=\"container\" data-e-type=\"container\" data-settings=\"{&quot;background_background&quot;:&quot;classic&quot;}\">\n\t\t\t\t<div class=\"elementor-element elementor-element-d01d047 elementor-widget elementor-widget-heading\" data-id=\"d01d047\" data-element_type=\"widget\" data-e-type=\"widget\" data-widget_type=\"heading.default\">\n\t\t\t\t\t<h1 class=\"elementor-heading-title elementor-size-default\">POGOSTA VPRA\u0160ANJA<\/h1>\t\t\t\t<\/div>\n\t\t\t\t<\/div>\n\t\t<div class=\"elementor-element elementor-element-2b92810 e-flex e-con-boxed e-con e-parent\" data-id=\"2b92810\" data-element_type=\"container\" data-e-type=\"container\" data-settings=\"{&quot;background_background&quot;:&quot;classic&quot;}\">\n\t\t\t\t\t<div class=\"e-con-inner\">\n\t\t<div class=\"elementor-element elementor-element-85a0d49 e-con-full e-flex e-con e-child\" data-id=\"85a0d49\" data-element_type=\"container\" data-e-type=\"container\">\n\t\t\t\t<div class=\"elementor-element elementor-element-44bb3e5 elementor-widget elementor-widget-text-editor\" data-id=\"44bb3e5\" data-element_type=\"widget\" data-e-type=\"widget\" data-widget_type=\"text-editor.default\">\n\t\t\t\t\t\t\t\t\t<h6><strong><span>Ali je iskanje pomo\u010di pri mentalni pripravi znak \u0161ibkosti?<\/span><\/strong><\/h6><p>Nikakor. To je eden najve\u010djih mitov v \u0161portu. Priznati, da \u017eeli\u0161 biti bolj\u0161i tudi v glavi, je pogumno \u2013 in strategija, ki jo uporabljajo najbolj\u0161i. Nih\u010de ni dosegel vrha sam.<br \/>Skupaj bomo odkrili tvoj skriti potencial, identificirali podro\u010dja za rast in razvili konkretne ve\u0161\u010dine, ki jih potrebuje\u0161 za dosledne vrhunske nastope. To ni za &#8220;\u010dudne&#8221;. To je za tiste, ki resno mislijo pri napredovanju v svoji karieri.<\/p><h6><strong><span>Zakaj ne bi raje govoril s trenerjem, dru\u017eino ali prijatelji?<\/span><\/strong><\/h6><p>Seveda te tvoji bli\u017enji dobro poznajo. Ampak pogovor z neodvisnim strokovnjakom prina\u0161a nekaj, \u010desar drugi ne morejo:<br \/><u>Popolno zasebnost<\/u>\u00a0\u2013 vse, kar re\u010de\u0161, ostane med nama.<br \/><u>Brezosebno perspektivo<\/u>\u00a0\u2013 moj pogled ni obremenjen z emocionalnimi vezmi ali lastnimi interesi.<br \/><u>Varen prostor<\/u>\u00a0za raziskovanje te\u017ejih tem, ki jih morda ne more\u0161 deliti z najbli\u017ejimi.<br \/>V\u010dasih samo to, da glasno izre\u010de\u0161, kaj se dogaja v tvoji glavi, spro\u017ei preboj. In ko bova kon\u010dala, bo\u0161 te\u017eke stvari pustil za seboj \u2013 z novimi orodji za prevzem nadzora ob klju\u010dnih trenutkih.<\/p><h6><strong><span>Kako poteka proces in kaj pri\u010dakujete od mene?<\/span><\/strong><\/h6><p>Tukaj se poka\u017ee posebnost procesa pri sodelovanju z menoj. Ni enotnega programa za vse \u2013 gradiva ga okoli tebe, tvojih izzivov in ciljev.<br \/>Pred prvim sestankom\u00a0izpolni\u0161 vpra\u0161alnike, ki nama pomagajo razumeti tvojo zgodbo.<br \/>Na prvem sestanku\u00a0se najprej pove\u017eeva na \u010dlove\u0161ki ravni \u2013 zaupanje je na\u0161 temelj. Nato se za\u010dneva spoznavati s prvimi prakti\u010dnimi ve\u0161\u010dinami.<br \/>Uporabljamo vizualne predstavitve, vaje v \u017eivo, vodenje dnevnika, skupaj pa raziskujeva in postavljava tudi neprijetna vpra\u0161anja.<br \/>Pri\u010dakujem, da pride\u0161 pripravljen, odprt in iskren. Da si pripravljen govoriti o neprijetnih stvareh \u2013 ker tam le\u017ei rast.<br \/>Vsako sre\u010danje zaklju\u010diva z\u00a0globokim spro\u0161\u010danjem, ki znanje utrdi v podzavest \u2013 to je \u0161e posebej edinstven del mojega pristopa.<\/p><h6><strong><span>Kako dolgo traja?<\/span><\/strong><\/h6><p>Ne morem ti podati generi\u010dnega odgovora \u2013 ker je vsak posameznik edinstven.<br \/>Prva 1\u20133 sre\u010danja nam pomagajo razumeti tvoje klju\u010dne izzive. V nadaljevanju \u017ee jasneje vidiva pot in \u010dasovni okvir, ki je prav tako lahko prilagojen posamezniku. \u010ce te tvoja kariera vodi v tujino prilagodiva sre\u010danja preko medmre\u017eja za \u010das ko nisi doma. <br \/>Izku\u0161nje sicer ka\u017eejo, da najbolj\u0161e, trajne rezultate prina\u0161a sodelovanje v dalj\u0161em ve\u010d stopenjskem programu. A <span>ni se potrebno takoj zavezati dalj\u0161emu<\/span>\u00a0programu tudi posamezna individualna sre\u010danja prinesejo mnogo pozitivnih premikov.<br \/>Tudi en sam sestanek lahko spro\u017ei manj\u0161o spremembo. Je kot trening: enkraten dvig ute\u017ei je dober, a redna vadba gradi mo\u010d. Mnogi \u0161portniki po kon\u010danem programu pridejo nazaj, ko se pojavijo novi izzivi.<\/p><h6><strong><span>Kako lahko maksimalno izkoristim proces?<\/span><\/strong><\/h6><p>Vkolikor si zastavlja\u0161 tako vpra\u0161anje sem navdu\u0161en \u2013 ker ka\u017ee, da si resen.<br \/>Najuspe\u0161nej\u0161i \u0161portniki:<\/p><ul><li>Vodijo dnevnik\u00a0\u2013 pi\u0161ejo vpra\u0161anja, opa\u017eanja, vpoglede med sre\u010danji.<\/li><li>I\u0161\u010dejo znanje\u00a0\u2013 berejo, opazujejo, poslu\u0161ajo vse, kar lahko pove\u017eejo z mentalno mo\u010djo.<\/li><li>U\u010dijo druge\u00a0\u2013 ko nekaj razlo\u017ei\u0161 drugemu, se znanje utrdi.<br \/>Tvoja predanost izven sre\u010danj bo odlo\u010dilna za tvoj uspeh znotraj njih.<\/li><\/ul><p>Sre\u010danja niso samo <strong>&#8220;pogovor&#8221;<\/strong>. So sistem, ki prena\u0161a znanje v podzavest, gradi ve\u0161\u010dine, ki jih lahko uporabi\u0161 pod pritiskom \u2013 in ustvarja trajno spremembo.<br \/>Pri\u010dakuj pristop, ki je globoko oseben, vendar znanstveno utemeljen. Brez \u0161ablon. Brez plitkih nasvetov in tudi s konkretnimi orodji za tvoj napredek.<\/p><h6><strong><span>Si pripravljen za\u010deti?\u00a0Prvi korak je pogovor.<\/span><\/strong><\/h6>\t\t\t\t\t\t\t\t<\/div>\n\t\t\t\t<\/div>\n\t\t\t\t\t<\/div>\n\t\t\t\t<\/div>\n\t\t<div class=\"elementor-element elementor-element-d1c6c21 e-grid e-con-boxed e-con e-parent\" data-id=\"d1c6c21\" data-element_type=\"container\" data-e-type=\"container\" data-settings=\"{&quot;background_background&quot;:&quot;classic&quot;}\">\n\t\t\t\t\t<div class=\"e-con-inner\">\n\t\t<div class=\"elementor-element elementor-element-9fe3f1e e-con-full e-flex e-con e-child\" data-id=\"9fe3f1e\" data-element_type=\"container\" data-e-type=\"container\">\n\t\t\t\t<div class=\"elementor-element elementor-element-e9abae4 elementor-widget elementor-widget-heading\" data-id=\"e9abae4\" data-element_type=\"widget\" data-e-type=\"widget\" data-widget_type=\"heading.default\">\n\t\t\t\t\t<h2 class=\"elementor-heading-title elementor-size-default\">Stopite v stik z nami<\/h2>\t\t\t\t<\/div>\n\t\t\t\t<div class=\"elementor-element elementor-element-a9461cb elementor-widget elementor-widget-text-editor\" data-id=\"a9461cb\" data-element_type=\"widget\" data-e-type=\"widget\" data-widget_type=\"text-editor.default\">\n\t\t\t\t\t\t\t\t\t<div class=\"hestia-info info info-horizontal\">\n<div class=\"icon icon-primary\"><\/div>\n<div class=\"description\">\n<h4 class=\"info-title\"><span style=\"color: #ffffff;\">Kje se nahajamo<\/span><\/h4>\n<p><span style=\"color: #ffffff;\">\u0160portni park Radovljica, Ulica Staneta \u017dagarja 2b,\u00a0<\/span><\/p>\n<p><span style=\"color: #ffffff;\">4240, Radovljica<\/span><\/p>\n<\/div>\n<\/div>\n<div class=\"hestia-info info info-horizontal\">\n<div class=\"description\">\n<h4 class=\"info-title\"><span style=\"color: #ffffff;\">Zanimanje lahko sporo\u010dite tudi na<\/span><\/h4>\n<p><span style=\"color: #ffffff;\">Gorazd Rekelj<\/span><\/p>\n<p><span style=\"color: #ffffff;\">info@gameperformer.si<\/span><\/p>\n<p><span style=\"color: #ffffff;\">Dosegljiv od ponedeljka do petka<\/span><\/p>\n<p><span style=\"color: #ffffff;\">med 8:00-22:00 uro<\/span><\/p>\n<\/div>\n<\/div>\t\t\t\t\t\t\t\t<\/div>\n\t\t\t\t<\/div>\n\t\t<div class=\"elementor-element elementor-element-7a82c93 e-con-full e-flex e-con e-child\" data-id=\"7a82c93\" data-element_type=\"container\" data-e-type=\"container\">\n\t\t\t\t<div class=\"elementor-element elementor-element-5e62ff1 elementor-widget elementor-widget-wpforms\" data-id=\"5e62ff1\" data-element_type=\"widget\" data-e-type=\"widget\" data-widget_type=\"wpforms.default\">\n\t\t\t\t<div class=\"elementor-widget-container\">\n\t\t\t\t\t<style id=\"wpforms-css-vars-elementor-widget-5e62ff1\">\n\t\t\t\t.elementor-widget-wpforms.elementor-element-5e62ff1 {\n\t\t\t\t--wpforms-field-text-color: #FFFFFF;\n--wpforms-label-sublabel-color: #FF1515;\n--wpforms-field-size-input-height: 50px;\n--wpforms-field-size-input-spacing: 20px;\n--wpforms-field-size-font-size: 18px;\n--wpforms-field-size-line-height: 21px;\n--wpforms-field-size-padding-h: 14px;\n--wpforms-field-size-checkbox-size: 18px;\n--wpforms-field-size-sublabel-spacing: 10px;\n--wpforms-field-size-icon-size: 1.25;\n\t\t\t}\n\t\t\t<\/style><div class=\"wpforms-container wpforms-container-full wpforms-render-modern\" id=\"wpforms-246\"><form id=\"wpforms-form-246\" class=\"wpforms-validate wpforms-form\" data-formid=\"246\" method=\"post\" enctype=\"multipart\/form-data\" action=\"\/index.php\/wp-json\/wp\/v2\/pages\/630\" data-token=\"20bc7bd7b0c6b59e9b287f8b61d84bc5\" data-token-time=\"1776981620\"><noscript class=\"wpforms-error-noscript\">Please enable JavaScript in your browser to complete this form.<\/noscript><div id=\"wpforms-error-noscript\" style=\"display: none;\">Please enable JavaScript in your browser to complete this form.<\/div><div class=\"wpforms-field-container\"><div id=\"wpforms-246-field_8-container\" class=\"wpforms-field wpforms-field-name\" data-field-id=\"8\"><label class=\"wpforms-field-label\" for=\"wpforms-246-field_8\">Va\u0161e Ime in Priimek <span class=\"wpforms-required-label\" aria-hidden=\"true\">*<\/span><\/label><input type=\"text\" id=\"wpforms-246-field_8\" class=\"wpforms-field-medium wpforms-field-required\" name=\"wpforms[fields][8]\" aria-errormessage=\"wpforms-246-field_8-error\" required><\/div><div id=\"wpforms-246-field_7-container\" class=\"wpforms-field wpforms-field-email\" data-field-id=\"7\"><label class=\"wpforms-field-label\" for=\"wpforms-246-field_7\">Va\u0161 elektronski naslov <span class=\"wpforms-required-label\" aria-hidden=\"true\">*<\/span><\/label><input type=\"email\" id=\"wpforms-246-field_7\" class=\"wpforms-field-medium wpforms-field-required\" name=\"wpforms[fields][7]\" spellcheck=\"false\" aria-errormessage=\"wpforms-246-field_7-error\" required><\/div>\t\t<div id=\"wpforms-246-field_1-container\"\n\t\t\tclass=\"wpforms-field wpforms-field-text\"\n\t\t\tdata-field-type=\"text\"\n\t\t\tdata-field-id=\"1\"\n\t\t\t>\n\t\t\t<label class=\"wpforms-field-label\" for=\"wpforms-246-field_1\" >ali Va\u0161e Ime<\/label>\n\t\t\t<input type=\"text\" id=\"wpforms-246-field_1\" class=\"wpforms-field-medium\" name=\"wpforms[fields][1]\" >\n\t\t<\/div>\n\t\t<div id=\"wpforms-246-field_10-container\" class=\"wpforms-field wpforms-field-text\" data-field-id=\"10\"><label class=\"wpforms-field-label\" for=\"wpforms-246-field_10\">Va\u0161e sporo\u010dilo ali komentar<\/label><input type=\"text\" id=\"wpforms-246-field_10\" class=\"wpforms-field-large\" name=\"wpforms[fields][10]\" aria-errormessage=\"wpforms-246-field_10-error\" ><\/div><script>\n\t\t\t\t( function() {\n\t\t\t\t\tconst style = document.createElement( 'style' );\n\t\t\t\t\tstyle.appendChild( document.createTextNode( '#wpforms-246-field_1-container { position: absolute !important; overflow: hidden !important; display: inline !important; height: 1px !important; width: 1px !important; z-index: -1000 !important; padding: 0 !important; } #wpforms-246-field_1-container input { visibility: hidden; } #wpforms-conversational-form-page #wpforms-246-field_1-container label { counter-increment: none; }' ) );\n\t\t\t\t\tdocument.head.appendChild( style );\n\t\t\t\t\tdocument.currentScript?.remove();\n\t\t\t\t} )();\n\t\t\t<\/script><\/div><!-- .wpforms-field-container --><div class=\"wpforms-submit-container\" ><input type=\"hidden\" name=\"wpforms[id]\" value=\"246\"><input type=\"hidden\" name=\"page_title\" value=\"\"><input type=\"hidden\" name=\"page_url\" value=\"https:\/\/www.gameperformer.si\/index.php\/wp-json\/wp\/v2\/pages\/630\"><input type=\"hidden\" name=\"url_referer\" value=\"\"><button type=\"submit\" name=\"wpforms[submit]\" id=\"wpforms-submit-246\" class=\"wpforms-submit\" data-alt-text=\"Po\u0161iljanje...\" data-submit-text=\"PO\u0160LJI\" aria-live=\"assertive\" value=\"wpforms-submit\">PO\u0160LJI<\/button><\/div><\/form><\/div>  <!-- .wpforms-container -->\t\t\t\t<\/div>\n\t\t\t\t<\/div>\n\t\t\t\t<\/div>\n\t\t\t\t\t<\/div>\n\t\t\t\t<\/div>\n\t\t\t\t<\/div>\n\t\t","protected":false},"excerpt":{"rendered":"<p>POGOSTA VPRA\u0160ANJA Ali je iskanje pomo\u010di pri mentalni pripravi znak \u0161ibkosti? Nikakor. To je eden najve\u010djih mitov v \u0161portu. Priznati, da \u017eeli\u0161 biti bolj\u0161i tudi v glavi, je pogumno \u2013 in strategija, ki jo uporabljajo najbolj\u0161i. Nih\u010de ni dosegel vrha sam.Skupaj bomo odkrili tvoj skriti potencial, identificirali podro\u010dja za rast [&hellip;]<\/p>\n","protected":false},"author":1,"featured_media":0,"parent":0,"menu_order":0,"comment_status":"closed","ping_status":"closed","template":"page-templates\/template-pagebuilder-full-width.php","meta":{"footnotes":""},"class_list":["post-630","page","type-page","status-publish","hentry"],"yoast_head":"<!-- This site is optimized with the Yoast SEO plugin v27.4 - https:\/\/yoast.com\/product\/yoast-seo-wordpress\/ -->\n<title>POGOSTA VPRA\u0160ANJA -<\/title>\n<meta name=\"description\" content=\"GamePerformer zdru\u017euje fizi\u010dni trening in mentalno pripravo za celostni napredek. Okrepi telo, izostri fokus in dosezi rezultate, ki trajajo.\" \/>\n<meta name=\"robots\" content=\"index, follow, max-snippet:-1, max-image-preview:large, max-video-preview:-1\" \/>\n<link rel=\"canonical\" href=\"https:\/\/www.gameperformer.si\/index.php\/pogosta-vprasanja\/\" \/>\n<meta property=\"og:locale\" content=\"sl_SI\" \/>\n<meta property=\"og:type\" content=\"article\" \/>\n<meta property=\"og:title\" content=\"POGOSTA VPRA\u0160ANJA -\" \/>\n<meta property=\"og:description\" content=\"GamePerformer zdru\u017euje fizi\u010dni trening in mentalno pripravo za celostni napredek. Okrepi telo, izostri fokus in dosezi rezultate, ki trajajo.\" \/>\n<meta property=\"og:url\" content=\"https:\/\/www.gameperformer.si\/index.php\/pogosta-vprasanja\/\" \/>\n<meta property=\"article:publisher\" content=\"https:\/\/www.facebook.com\/profile.php?id=61588003707360\" \/>\n<meta property=\"article:modified_time\" content=\"2026-03-16T11:15:14+00:00\" \/>\n<meta property=\"og:image\" content=\"https:\/\/www.gameperformer.si\/wp-content\/uploads\/2026\/02\/cropped-cropped-cropped-cropped-cropped-cropped-cropped-86695F94-06A4-4B45-B3CA-91E35043A458.png\" \/>\n\t<meta property=\"og:image:width\" content=\"510\" \/>\n\t<meta property=\"og:image:height\" content=\"340\" \/>\n\t<meta property=\"og:image:type\" content=\"image\/png\" \/>\n<meta name=\"twitter:card\" content=\"summary_large_image\" \/>\n<meta name=\"twitter:label1\" content=\"Est. reading time\" \/>\n\t<meta name=\"twitter:data1\" content=\"3 minute\" \/>\n<script type=\"application\/ld+json\" class=\"yoast-schema-graph\">{\"@context\":\"https:\\\/\\\/schema.org\",\"@graph\":[{\"@type\":\"WebPage\",\"@id\":\"https:\\\/\\\/www.gameperformer.si\\\/index.php\\\/pogosta-vprasanja\\\/\",\"url\":\"https:\\\/\\\/www.gameperformer.si\\\/index.php\\\/pogosta-vprasanja\\\/\",\"name\":\"POGOSTA VPRA\u0160ANJA -\",\"isPartOf\":{\"@id\":\"https:\\\/\\\/www.gameperformer.si\\\/#website\"},\"datePublished\":\"2026-02-27T20:41:03+00:00\",\"dateModified\":\"2026-03-16T11:15:14+00:00\",\"description\":\"GamePerformer zdru\u017euje fizi\u010dni trening in mentalno pripravo za celostni napredek. Okrepi telo, izostri fokus in dosezi rezultate, ki trajajo.\",\"breadcrumb\":{\"@id\":\"https:\\\/\\\/www.gameperformer.si\\\/index.php\\\/pogosta-vprasanja\\\/#breadcrumb\"},\"inLanguage\":\"sl-SI\",\"potentialAction\":[{\"@type\":\"ReadAction\",\"target\":[\"https:\\\/\\\/www.gameperformer.si\\\/index.php\\\/pogosta-vprasanja\\\/\"]}]},{\"@type\":\"BreadcrumbList\",\"@id\":\"https:\\\/\\\/www.gameperformer.si\\\/index.php\\\/pogosta-vprasanja\\\/#breadcrumb\",\"itemListElement\":[{\"@type\":\"ListItem\",\"position\":1,\"name\":\"Home\",\"item\":\"https:\\\/\\\/www.gameperformer.si\\\/\"},{\"@type\":\"ListItem\",\"position\":2,\"name\":\"POGOSTA VPRA\u0160ANJA\"}]},{\"@type\":\"WebSite\",\"@id\":\"https:\\\/\\\/www.gameperformer.si\\\/#website\",\"url\":\"https:\\\/\\\/www.gameperformer.si\\\/\",\"name\":\"Gameperfomer\",\"description\":\"\",\"publisher\":{\"@id\":\"https:\\\/\\\/www.gameperformer.si\\\/#\\\/schema\\\/person\\\/dd4e4f209ad1cc0f7326c66d1013909b\"},\"alternateName\":\"Gp\",\"potentialAction\":[{\"@type\":\"SearchAction\",\"target\":{\"@type\":\"EntryPoint\",\"urlTemplate\":\"https:\\\/\\\/www.gameperformer.si\\\/?s={search_term_string}\"},\"query-input\":{\"@type\":\"PropertyValueSpecification\",\"valueRequired\":true,\"valueName\":\"search_term_string\"}}],\"inLanguage\":\"sl-SI\"},{\"@type\":[\"Person\",\"Organization\"],\"@id\":\"https:\\\/\\\/www.gameperformer.si\\\/#\\\/schema\\\/person\\\/dd4e4f209ad1cc0f7326c66d1013909b\",\"name\":\"admin\",\"image\":{\"@type\":\"ImageObject\",\"inLanguage\":\"sl-SI\",\"@id\":\"https:\\\/\\\/www.gameperformer.si\\\/wp-content\\\/uploads\\\/2026\\\/02\\\/cropped-cropped-cropped-cropped-cropped-cropped-cropped-cropped-cropped-cropped-86695F94-06A4-4B45-B3CA-91E35043A458-2.png\",\"url\":\"https:\\\/\\\/www.gameperformer.si\\\/wp-content\\\/uploads\\\/2026\\\/02\\\/cropped-cropped-cropped-cropped-cropped-cropped-cropped-cropped-cropped-cropped-86695F94-06A4-4B45-B3CA-91E35043A458-2.png\",\"contentUrl\":\"https:\\\/\\\/www.gameperformer.si\\\/wp-content\\\/uploads\\\/2026\\\/02\\\/cropped-cropped-cropped-cropped-cropped-cropped-cropped-cropped-cropped-cropped-86695F94-06A4-4B45-B3CA-91E35043A458-2.png\",\"width\":510,\"height\":340,\"caption\":\"admin\"},\"logo\":{\"@id\":\"https:\\\/\\\/www.gameperformer.si\\\/wp-content\\\/uploads\\\/2026\\\/02\\\/cropped-cropped-cropped-cropped-cropped-cropped-cropped-cropped-cropped-cropped-86695F94-06A4-4B45-B3CA-91E35043A458-2.png\"},\"sameAs\":[\"https:\\\/\\\/www.gameperformer.si\",\"https:\\\/\\\/www.facebook.com\\\/profile.php?id=61588003707360\"]}]}<\/script>\n<!-- \/ Yoast SEO plugin. -->","yoast_head_json":{"title":"POGOSTA VPRA\u0160ANJA -","description":"GamePerformer zdru\u017euje fizi\u010dni trening in mentalno pripravo za celostni napredek. Okrepi telo, izostri fokus in dosezi rezultate, ki trajajo.","robots":{"index":"index","follow":"follow","max-snippet":"max-snippet:-1","max-image-preview":"max-image-preview:large","max-video-preview":"max-video-preview:-1"},"canonical":"https:\/\/www.gameperformer.si\/index.php\/pogosta-vprasanja\/","og_locale":"sl_SI","og_type":"article","og_title":"POGOSTA VPRA\u0160ANJA -","og_description":"GamePerformer zdru\u017euje fizi\u010dni trening in mentalno pripravo za celostni napredek. Okrepi telo, izostri fokus in dosezi rezultate, ki trajajo.","og_url":"https:\/\/www.gameperformer.si\/index.php\/pogosta-vprasanja\/","article_publisher":"https:\/\/www.facebook.com\/profile.php?id=61588003707360","article_modified_time":"2026-03-16T11:15:14+00:00","og_image":[{"width":510,"height":340,"url":"https:\/\/www.gameperformer.si\/wp-content\/uploads\/2026\/02\/cropped-cropped-cropped-cropped-cropped-cropped-cropped-86695F94-06A4-4B45-B3CA-91E35043A458.png","type":"image\/png"}],"twitter_card":"summary_large_image","twitter_misc":{"Est. reading time":"3 minute"},"schema":{"@context":"https:\/\/schema.org","@graph":[{"@type":"WebPage","@id":"https:\/\/www.gameperformer.si\/index.php\/pogosta-vprasanja\/","url":"https:\/\/www.gameperformer.si\/index.php\/pogosta-vprasanja\/","name":"POGOSTA VPRA\u0160ANJA -","isPartOf":{"@id":"https:\/\/www.gameperformer.si\/#website"},"datePublished":"2026-02-27T20:41:03+00:00","dateModified":"2026-03-16T11:15:14+00:00","description":"GamePerformer zdru\u017euje fizi\u010dni trening in mentalno pripravo za celostni napredek. Okrepi telo, izostri fokus in dosezi rezultate, ki trajajo.","breadcrumb":{"@id":"https:\/\/www.gameperformer.si\/index.php\/pogosta-vprasanja\/#breadcrumb"},"inLanguage":"sl-SI","potentialAction":[{"@type":"ReadAction","target":["https:\/\/www.gameperformer.si\/index.php\/pogosta-vprasanja\/"]}]},{"@type":"BreadcrumbList","@id":"https:\/\/www.gameperformer.si\/index.php\/pogosta-vprasanja\/#breadcrumb","itemListElement":[{"@type":"ListItem","position":1,"name":"Home","item":"https:\/\/www.gameperformer.si\/"},{"@type":"ListItem","position":2,"name":"POGOSTA VPRA\u0160ANJA"}]},{"@type":"WebSite","@id":"https:\/\/www.gameperformer.si\/#website","url":"https:\/\/www.gameperformer.si\/","name":"Gameperfomer","description":"","publisher":{"@id":"https:\/\/www.gameperformer.si\/#\/schema\/person\/dd4e4f209ad1cc0f7326c66d1013909b"},"alternateName":"Gp","potentialAction":[{"@type":"SearchAction","target":{"@type":"EntryPoint","urlTemplate":"https:\/\/www.gameperformer.si\/?s={search_term_string}"},"query-input":{"@type":"PropertyValueSpecification","valueRequired":true,"valueName":"search_term_string"}}],"inLanguage":"sl-SI"},{"@type":["Person","Organization"],"@id":"https:\/\/www.gameperformer.si\/#\/schema\/person\/dd4e4f209ad1cc0f7326c66d1013909b","name":"admin","image":{"@type":"ImageObject","inLanguage":"sl-SI","@id":"https:\/\/www.gameperformer.si\/wp-content\/uploads\/2026\/02\/cropped-cropped-cropped-cropped-cropped-cropped-cropped-cropped-cropped-cropped-86695F94-06A4-4B45-B3CA-91E35043A458-2.png","url":"https:\/\/www.gameperformer.si\/wp-content\/uploads\/2026\/02\/cropped-cropped-cropped-cropped-cropped-cropped-cropped-cropped-cropped-cropped-86695F94-06A4-4B45-B3CA-91E35043A458-2.png","contentUrl":"https:\/\/www.gameperformer.si\/wp-content\/uploads\/2026\/02\/cropped-cropped-cropped-cropped-cropped-cropped-cropped-cropped-cropped-cropped-86695F94-06A4-4B45-B3CA-91E35043A458-2.png","width":510,"height":340,"caption":"admin"},"logo":{"@id":"https:\/\/www.gameperformer.si\/wp-content\/uploads\/2026\/02\/cropped-cropped-cropped-cropped-cropped-cropped-cropped-cropped-cropped-cropped-86695F94-06A4-4B45-B3CA-91E35043A458-2.png"},"sameAs":["https:\/\/www.gameperformer.si","https:\/\/www.facebook.com\/profile.php?id=61588003707360"]}]}},"_links":{"self":[{"href":"https:\/\/www.gameperformer.si\/index.php\/wp-json\/wp\/v2\/pages\/630","targetHints":{"allow":["GET"]}}],"collection":[{"href":"https:\/\/www.gameperformer.si\/index.php\/wp-json\/wp\/v2\/pages"}],"about":[{"href":"https:\/\/www.gameperformer.si\/index.php\/wp-json\/wp\/v2\/types\/page"}],"author":[{"embeddable":true,"href":"https:\/\/www.gameperformer.si\/index.php\/wp-json\/wp\/v2\/users\/1"}],"replies":[{"embeddable":true,"href":"https:\/\/www.gameperformer.si\/index.php\/wp-json\/wp\/v2\/comments?post=630"}],"version-history":[{"count":28,"href":"https:\/\/www.gameperformer.si\/index.php\/wp-json\/wp\/v2\/pages\/630\/revisions"}],"predecessor-version":[{"id":734,"href":"https:\/\/www.gameperformer.si\/index.php\/wp-json\/wp\/v2\/pages\/630\/revisions\/734"}],"wp:attachment":[{"href":"https:\/\/www.gameperformer.si\/index.php\/wp-json\/wp\/v2\/media?parent=630"}],"curies":[{"name":"wp","href":"https:\/\/api.w.org\/{rel}","templated":true}]}}